{"id":40,"date":"2023-01-17T01:23:14","date_gmt":"2023-01-17T01:23:14","guid":{"rendered":"https:\/\/barberdog.com.mx\/prensa\/?page_id=40"},"modified":"2023-01-19T04:07:26","modified_gmt":"2023-01-19T04:07:26","slug":"index","status":"publish","type":"page","link":"https:\/\/barberdog.com.mx\/prensa\/","title":{"rendered":"index"},"content":{"rendered":"\t\t<div data-elementor-type=\"wp-page\" data-elementor-id=\"40\" class=\"elementor elementor-40\">\n\t\t\t\t\t\t\t\t\t<section class=\"elementor-section elementor-top-section elementor-element elementor-element-532b835 elementor-section-boxed elementor-section-height-default elementor-section-height-default\" data-id=\"532b835\" data-element_type=\"section\" data-settings=\"{&quot;background_background&quot;:&quot;classic&quot;}\">\n\t\t\t\t\t\t<div class=\"elementor-container elementor-column-gap-default\">\n\t\t\t\t\t<div class=\"elementor-column elementor-col-100 elementor-top-column elementor-element elementor-element-d5264d1\" data-id=\"d5264d1\" data-element_type=\"column\">\n\t\t\t<div class=\"elementor-widget-wrap elementor-element-populated\">\n\t\t\t\t\t\t\t\t<div class=\"elementor-element elementor-element-a9e7d7a elementor-widget elementor-widget-image\" data-id=\"a9e7d7a\" data-element_type=\"widget\" data-widget_type=\"image.default\">\n\t\t\t\t<div class=\"elementor-widget-container\">\n\t\t\t<style>\/*! elementor - v3.12.0 - 29-03-2023 *\/\n.elementor-widget-image{text-align:center}.elementor-widget-image a{display:inline-block}.elementor-widget-image a img[src$=\".svg\"]{width:48px}.elementor-widget-image img{vertical-align:middle;display:inline-block}<\/style>\t\t\t\t\t\t\t\t\t\t\t\t<img loading=\"lazy\" decoding=\"async\" width=\"676\" height=\"600\" src=\"https:\/\/barberdog.com.mx\/prensa\/wp-content\/uploads\/2023\/01\/prensa-tt.png\" class=\"attachment-medium_large size-medium_large wp-image-58\" alt=\"\" srcset=\"https:\/\/barberdog.com.mx\/prensa\/wp-content\/uploads\/2023\/01\/prensa-tt.png 676w, https:\/\/barberdog.com.mx\/prensa\/wp-content\/uploads\/2023\/01\/prensa-tt-300x266.png 300w\" sizes=\"auto, (max-width: 676px) 100vw, 676px\" \/>\t\t\t\t\t\t\t\t\t\t\t\t\t\t\t<\/div>\n\t\t\t\t<\/div>\n\t\t\t\t\t<\/div>\n\t\t<\/div>\n\t\t\t\t\t\t\t<\/div>\n\t\t<\/section>\n\t\t\t\t<section class=\"elementor-section elementor-top-section elementor-element elementor-element-fc93eb0 elementor-section-boxed elementor-section-height-default elementor-section-height-default\" data-id=\"fc93eb0\" data-element_type=\"section\">\n\t\t\t\t\t\t<div class=\"elementor-container elementor-column-gap-default\">\n\t\t\t\t\t<div class=\"elementor-column elementor-col-100 elementor-top-column elementor-element elementor-element-aea29d3\" data-id=\"aea29d3\" data-element_type=\"column\">\n\t\t\t<div class=\"elementor-widget-wrap elementor-element-populated\">\n\t\t\t\t\t\t\t\t<section class=\"elementor-section elementor-inner-section elementor-element elementor-element-1ba2809 elementor-section-boxed elementor-section-height-default elementor-section-height-default\" data-id=\"1ba2809\" data-element_type=\"section\">\n\t\t\t\t\t\t<div class=\"elementor-container elementor-column-gap-default\">\n\t\t\t\t\t<div class=\"elementor-column elementor-col-100 elementor-inner-column elementor-element elementor-element-4603e3e\" data-id=\"4603e3e\" data-element_type=\"column\">\n\t\t\t<div class=\"elementor-widget-wrap elementor-element-populated\">\n\t\t\t\t\t\t\t\t<div class=\"elementor-element elementor-element-b71c3cb elementor-grid-3 elementor-grid-tablet-2 elementor-grid-mobile-1 elementor-posts--thumbnail-top elementor-widget elementor-widget-posts\" data-id=\"b71c3cb\" data-element_type=\"widget\" data-settings=\"{&quot;classic_masonry&quot;:&quot;yes&quot;,&quot;pagination_type&quot;:&quot;load_more_infinite_scroll&quot;,&quot;classic_columns&quot;:&quot;3&quot;,&quot;classic_columns_tablet&quot;:&quot;2&quot;,&quot;classic_columns_mobile&quot;:&quot;1&quot;,&quot;classic_row_gap&quot;:{&quot;unit&quot;:&quot;px&quot;,&quot;size&quot;:35,&quot;sizes&quot;:[]},&quot;classic_row_gap_tablet&quot;:{&quot;unit&quot;:&quot;px&quot;,&quot;size&quot;:&quot;&quot;,&quot;sizes&quot;:[]},&quot;classic_row_gap_mobile&quot;:{&quot;unit&quot;:&quot;px&quot;,&quot;size&quot;:&quot;&quot;,&quot;sizes&quot;:[]},&quot;load_more_spinner&quot;:{&quot;value&quot;:&quot;fas fa-spinner&quot;,&quot;library&quot;:&quot;fa-solid&quot;}}\" data-widget_type=\"posts.classic\">\n\t\t\t\t<div class=\"elementor-widget-container\">\n\t\t\t<link rel=\"stylesheet\" href=\"https:\/\/barberdog.com.mx\/prensa\/wp-content\/plugins\/elementor-pro\/assets\/css\/widget-posts.min.css\">\t\t<div class=\"elementor-posts-container elementor-posts elementor-posts--skin-classic elementor-grid\">\n\t\t\t\t<article class=\"elementor-post elementor-grid-item post-103 post type-post status-publish format-standard has-post-thumbnail hentry category-franquicias\">\n\t\t\t\t<a class=\"elementor-post__thumbnail__link\" href=\"https:\/\/barberdog.com.mx\/prensa\/barber-dog-con-vanessa-rodriguez\/\" >\n\t\t\t<div class=\"elementor-post__thumbnail\"><img loading=\"lazy\" decoding=\"async\" width=\"768\" height=\"432\" src=\"https:\/\/barberdog.com.mx\/prensa\/wp-content\/uploads\/2023\/04\/post-yt-768x432.jpg\" class=\"attachment-medium_large size-medium_large wp-image-104\" alt=\"\" srcset=\"https:\/\/barberdog.com.mx\/prensa\/wp-content\/uploads\/2023\/04\/post-yt-768x432.jpg 768w, https:\/\/barberdog.com.mx\/prensa\/wp-content\/uploads\/2023\/04\/post-yt-300x169.jpg 300w, https:\/\/barberdog.com.mx\/prensa\/wp-content\/uploads\/2023\/04\/post-yt-1024x576.jpg 1024w, https:\/\/barberdog.com.mx\/prensa\/wp-content\/uploads\/2023\/04\/post-yt.jpg 1280w\" sizes=\"auto, (max-width: 768px) 100vw, 768px\" \/><\/div>\n\t\t<\/a>\n\t\t\t\t<div class=\"elementor-post__text\">\n\t\t\t\t<h2 class=\"elementor-post__title\">\n\t\t\t<a href=\"https:\/\/barberdog.com.mx\/prensa\/barber-dog-con-vanessa-rodriguez\/\" >\n\t\t\t\tBarber Dog en La Gu\u00eda de Franquicias\t\t\t<\/a>\n\t\t<\/h2>\n\t\t\t\t<div class=\"elementor-post__meta-data\">\n\t\t\t\t\t<span class=\"elementor-post-date\">\n\t\t\tabril 4, 2023\t\t<\/span>\n\t\t\t\t<\/div>\n\t\t\t\t<div class=\"elementor-post__excerpt\">\n\t\t\t<p>&nbsp; La Gu\u00eda de Franquicias Vanessa Rodr\u00edguez directora de Barber Dog, nos habla un poco sobre los servicios que ofrece para tu mascota, adem\u00e1s de<\/p>\n\t\t<\/div>\n\t\t\n\t\t<a class=\"elementor-post__read-more\" href=\"https:\/\/barberdog.com.mx\/prensa\/barber-dog-con-vanessa-rodriguez\/\" >\n\t\t\t Leer m\u00e1s \u00bb\t\t<\/a>\n\n\t\t\t\t<\/div>\n\t\t\t\t<\/article>\n\t\t\t\t<article class=\"elementor-post elementor-grid-item post-100 post type-post status-publish format-standard has-post-thumbnail hentry category-franquicias\">\n\t\t\t\t<a class=\"elementor-post__thumbnail__link\" href=\"https:\/\/barberdog.com.mx\/prensa\/emprender-en-sector-de-mascotas-es-buena-opcion-consejos-para-iniciar-un-negocio\/\" >\n\t\t\t<div class=\"elementor-post__thumbnail\"><img loading=\"lazy\" decoding=\"async\" width=\"768\" height=\"431\" src=\"https:\/\/barberdog.com.mx\/prensa\/wp-content\/uploads\/2023\/03\/Captura-de-pantalla-2023-03-29-a-las-14.10.31-768x431.png\" class=\"attachment-medium_large size-medium_large wp-image-101\" alt=\"\" srcset=\"https:\/\/barberdog.com.mx\/prensa\/wp-content\/uploads\/2023\/03\/Captura-de-pantalla-2023-03-29-a-las-14.10.31-768x431.png 768w, https:\/\/barberdog.com.mx\/prensa\/wp-content\/uploads\/2023\/03\/Captura-de-pantalla-2023-03-29-a-las-14.10.31-300x168.png 300w, https:\/\/barberdog.com.mx\/prensa\/wp-content\/uploads\/2023\/03\/Captura-de-pantalla-2023-03-29-a-las-14.10.31-1024x575.png 1024w, https:\/\/barberdog.com.mx\/prensa\/wp-content\/uploads\/2023\/03\/Captura-de-pantalla-2023-03-29-a-las-14.10.31.png 1201w\" sizes=\"auto, (max-width: 768px) 100vw, 768px\" \/><\/div>\n\t\t<\/a>\n\t\t\t\t<div class=\"elementor-post__text\">\n\t\t\t\t<h2 class=\"elementor-post__title\">\n\t\t\t<a href=\"https:\/\/barberdog.com.mx\/prensa\/emprender-en-sector-de-mascotas-es-buena-opcion-consejos-para-iniciar-un-negocio\/\" >\n\t\t\t\t\u00bfEmprender en sector de mascotas es buena opci\u00f3n?: Consejos para iniciar un negocio\t\t\t<\/a>\n\t\t<\/h2>\n\t\t\t\t<div class=\"elementor-post__meta-data\">\n\t\t\t\t\t<span class=\"elementor-post-date\">\n\t\t\tmarzo 29, 2023\t\t<\/span>\n\t\t\t\t<\/div>\n\t\t\t\t<div class=\"elementor-post__excerpt\">\n\t\t\t<p>El crecimiento en la venta de productos para mascotas como accesorios, alimentos y servicios abren la puerta a nuevos modelos de negocio Los cambios de<\/p>\n\t\t<\/div>\n\t\t\n\t\t<a class=\"elementor-post__read-more\" href=\"https:\/\/barberdog.com.mx\/prensa\/emprender-en-sector-de-mascotas-es-buena-opcion-consejos-para-iniciar-un-negocio\/\" >\n\t\t\t Leer m\u00e1s \u00bb\t\t<\/a>\n\n\t\t\t\t<\/div>\n\t\t\t\t<\/article>\n\t\t\t\t<article class=\"elementor-post elementor-grid-item post-76 post type-post status-publish format-standard has-post-thumbnail hentry category-franquicias\">\n\t\t\t\t<a class=\"elementor-post__thumbnail__link\" href=\"https:\/\/barberdog.com.mx\/prensa\/nosotros\/\" >\n\t\t\t<div class=\"elementor-post__thumbnail\"><img loading=\"lazy\" decoding=\"async\" width=\"768\" height=\"512\" src=\"https:\/\/barberdog.com.mx\/prensa\/wp-content\/uploads\/2023\/01\/BarberDog-62-de-131-768x512.jpg\" class=\"attachment-medium_large size-medium_large wp-image-77\" alt=\"\" srcset=\"https:\/\/barberdog.com.mx\/prensa\/wp-content\/uploads\/2023\/01\/BarberDog-62-de-131-768x512.jpg 768w, https:\/\/barberdog.com.mx\/prensa\/wp-content\/uploads\/2023\/01\/BarberDog-62-de-131-300x200.jpg 300w, https:\/\/barberdog.com.mx\/prensa\/wp-content\/uploads\/2023\/01\/BarberDog-62-de-131-1024x683.jpg 1024w, https:\/\/barberdog.com.mx\/prensa\/wp-content\/uploads\/2023\/01\/BarberDog-62-de-131-1536x1024.jpg 1536w, https:\/\/barberdog.com.mx\/prensa\/wp-content\/uploads\/2023\/01\/BarberDog-62-de-131-2048x1365.jpg 2048w\" sizes=\"auto, (max-width: 768px) 100vw, 768px\" \/><\/div>\n\t\t<\/a>\n\t\t\t\t<div class=\"elementor-post__text\">\n\t\t\t\t<h2 class=\"elementor-post__title\">\n\t\t\t<a href=\"https:\/\/barberdog.com.mx\/prensa\/nosotros\/\" >\n\t\t\t\tNosotros\t\t\t<\/a>\n\t\t<\/h2>\n\t\t\t\t<div class=\"elementor-post__meta-data\">\n\t\t\t\t\t<span class=\"elementor-post-date\">\n\t\t\tenero 19, 2023\t\t<\/span>\n\t\t\t\t<\/div>\n\t\t\t\t<div class=\"elementor-post__excerpt\">\n\t\t\t<p>Barber Dog es un concepto \u00fanico en Aguascalientos don do se brinda o tu perro todo lo atenci\u00f3n que necesita con servicios exclusivos de Spa,<\/p>\n\t\t<\/div>\n\t\t\n\t\t<a class=\"elementor-post__read-more\" href=\"https:\/\/barberdog.com.mx\/prensa\/nosotros\/\" >\n\t\t\t Leer m\u00e1s \u00bb\t\t<\/a>\n\n\t\t\t\t<\/div>\n\t\t\t\t<\/article>\n\t\t\t\t<article class=\"elementor-post elementor-grid-item post-1 post type-post status-publish format-standard has-post-thumbnail hentry category-franquicias\">\n\t\t\t\t<a class=\"elementor-post__thumbnail__link\" href=\"https:\/\/barberdog.com.mx\/prensa\/post1\/\" >\n\t\t\t<div class=\"elementor-post__thumbnail\"><img loading=\"lazy\" decoding=\"async\" width=\"768\" height=\"512\" src=\"https:\/\/barberdog.com.mx\/prensa\/wp-content\/uploads\/2023\/01\/post1-768x512.jpg\" class=\"attachment-medium_large size-medium_large wp-image-91\" alt=\"\" srcset=\"https:\/\/barberdog.com.mx\/prensa\/wp-content\/uploads\/2023\/01\/post1-768x512.jpg 768w, https:\/\/barberdog.com.mx\/prensa\/wp-content\/uploads\/2023\/01\/post1-300x200.jpg 300w, https:\/\/barberdog.com.mx\/prensa\/wp-content\/uploads\/2023\/01\/post1-1024x683.jpg 1024w, https:\/\/barberdog.com.mx\/prensa\/wp-content\/uploads\/2023\/01\/post1-1536x1024.jpg 1536w, https:\/\/barberdog.com.mx\/prensa\/wp-content\/uploads\/2023\/01\/post1.jpg 1920w\" sizes=\"auto, (max-width: 768px) 100vw, 768px\" \/><\/div>\n\t\t<\/a>\n\t\t\t\t<div class=\"elementor-post__text\">\n\t\t\t\t<h2 class=\"elementor-post__title\">\n\t\t\t<a href=\"https:\/\/barberdog.com.mx\/prensa\/post1\/\" >\n\t\t\t\tBarberdog\t\t\t<\/a>\n\t\t<\/h2>\n\t\t\t\t<div class=\"elementor-post__meta-data\">\n\t\t\t\t\t<span class=\"elementor-post-date\">\n\t\t\tenero 16, 2023\t\t<\/span>\n\t\t\t\t<\/div>\n\t\t\t\t<div class=\"elementor-post__excerpt\">\n\t\t\t<p>\ud83d\udc3e Barberdog es el lugar donde encuentras todo para tu mejor amigo peludo. Desde un snack hasta un hospedaje, esta empresa nacida en Aguascalientes se<\/p>\n\t\t<\/div>\n\t\t\n\t\t<a class=\"elementor-post__read-more\" href=\"https:\/\/barberdog.com.mx\/prensa\/post1\/\" >\n\t\t\t Leer m\u00e1s \u00bb\t\t<\/a>\n\n\t\t\t\t<\/div>\n\t\t\t\t<\/article>\n\t\t\t\t<\/div>\n\t\t\t\t\t<span class=\"e-load-more-spinner\">\n\t\t\t\t<i aria-hidden=\"true\" class=\"fas fa-spinner\"><\/i>\t\t\t<\/span>\n\t\t\n\t\t\t\t<\/div>\n\t\t\t\t<\/div>\n\t\t\t\t\t<\/div>\n\t\t<\/div>\n\t\t\t\t\t\t\t<\/div>\n\t\t<\/section>\n\t\t\t\t\t<\/div>\n\t\t<\/div>\n\t\t\t\t\t\t\t<\/div>\n\t\t<\/section>\n\t\t\t\t\t\t\t<\/div>\n\t\t","protected":false},"excerpt":{"rendered":"","protected":false},"author":1,"featured_media":0,"parent":0,"menu_order":0,"comment_status":"closed","ping_status":"closed","template":"elementor_header_footer","meta":{"footnotes":""},"class_list":["post-40","page","type-page","status-publish","hentry"],"_links":{"self":[{"href":"https:\/\/barberdog.com.mx\/prensa\/wp-json\/wp\/v2\/pages\/40","targetHints":{"allow":["GET"]}}],"collection":[{"href":"https:\/\/barberdog.com.mx\/prensa\/wp-json\/wp\/v2\/pages"}],"about":[{"href":"https:\/\/barberdog.com.mx\/prensa\/wp-json\/wp\/v2\/types\/page"}],"author":[{"embeddable":true,"href":"https:\/\/barberdog.com.mx\/prensa\/wp-json\/wp\/v2\/users\/1"}],"replies":[{"embeddable":true,"href":"https:\/\/barberdog.com.mx\/prensa\/wp-json\/wp\/v2\/comments?post=40"}],"version-history":[{"count":19,"href":"https:\/\/barberdog.com.mx\/prensa\/wp-json\/wp\/v2\/pages\/40\/revisions"}],"predecessor-version":[{"id":87,"href":"https:\/\/barberdog.com.mx\/prensa\/wp-json\/wp\/v2\/pages\/40\/revisions\/87"}],"wp:attachment":[{"href":"https:\/\/barberdog.com.mx\/prensa\/wp-json\/wp\/v2\/media?parent=40"}],"curies":[{"name":"wp","href":"https:\/\/api.w.org\/{rel}","templated":true}]}}